{"id":347,"date":"2021-01-28T15:06:48","date_gmt":"2021-01-28T14:06:48","guid":{"rendered":"https:\/\/villalubin.com\/?page_id=347"},"modified":"2021-01-28T15:11:20","modified_gmt":"2021-01-28T14:11:20","slug":"home","status":"publish","type":"page","link":"https:\/\/villalubin.com\/de\/","title":{"rendered":"Home"},"content":{"rendered":"<p>[vc_row row_content_width=&#8220;grid&#8220; css=&#8220;.vc_custom_1524651178106{padding-top: 150px !important;}&#8220;][vc_column width=&#8220;1\/2&#8243; offset=&#8220;vc_col-lg-offset-0 vc_col-lg-3 vc_col-md-offset-0 vc_col-md-6 vc_col-sm-offset-0 vc_col-xs-12&#8243;]<div class=\"mkdf-pie-chart-holder \">\n    <div class=\"mkdf-pc-percentage\" data-percent=\"92\" data-bar-color=\"#81d742\">\n        <span class=\"mkdf-pc-percent\" >92<\/span>\n    <\/div>\n        <div class=\"mkdf-pc-text-holder\">\n                <h4 class=\"mkdf-pc-title\" >Komfort<\/h4>\n    <\/div>\n<\/div>[vc_empty_space height=&#8220;40px&#8220;][\/vc_column][vc_column width=&#8220;1\/2&#8243; offset=&#8220;vc_col-lg-offset-0 vc_col-lg-3 vc_col-md-offset-0 vc_col-md-6 vc_col-sm-offset-0 vc_col-xs-12&#8243;]<div class=\"mkdf-pie-chart-holder \">\n    <div class=\"mkdf-pc-percentage\" data-percent=\"99\" data-bar-color=\"#81d742\">\n        <span class=\"mkdf-pc-percent\" >99<\/span>\n    <\/div>\n        <div class=\"mkdf-pc-text-holder\">\n                <h4 class=\"mkdf-pc-title\" >Reinheit<\/h4>\n    <\/div>\n<\/div>[vc_empty_space height=&#8220;40px&#8220;][\/vc_column][vc_column width=&#8220;1\/2&#8243; offset=&#8220;vc_col-lg-offset-0 vc_col-lg-3 vc_col-md-offset-0 vc_col-md-6 vc_col-sm-offset-0 vc_col-xs-12&#8243;]<div class=\"mkdf-pie-chart-holder \">\n    <div class=\"mkdf-pc-percentage\" data-percent=\"90\" data-bar-color=\"#81d742\">\n        <span class=\"mkdf-pc-percent\" >90<\/span>\n    <\/div>\n        <div class=\"mkdf-pc-text-holder\">\n                <h4 class=\"mkdf-pc-title\" >Lage<\/h4>\n    <\/div>\n<\/div>[vc_empty_space height=&#8220;40px&#8220;][\/vc_column][vc_column width=&#8220;1\/2&#8243; offset=&#8220;vc_col-lg-offset-0 vc_col-lg-3 vc_col-md-offset-0 vc_col-md-6 vc_col-sm-offset-0 vc_col-xs-12&#8243;]<div class=\"mkdf-pie-chart-holder \">\n    <div class=\"mkdf-pc-percentage\" data-percent=\"95\" data-bar-color=\"#81d742\">\n        <span class=\"mkdf-pc-percent\" >95<\/span>\n    <\/div>\n        <div class=\"mkdf-pc-text-holder\">\n                <h4 class=\"mkdf-pc-title\" >Preis-Leistungsverh\u00e4ltnis<\/h4>\n    <\/div>\n<\/div>[vc_empty_space height=&#8220;142px&#8220;][\/vc_column][\/vc_row][vc_row][vc_column]<div class=\"mkdf-elements-holder   mkdf-two-columns  mkdf-responsive-mode-768 \" ><div class=\"mkdf-eh-item   mkdf-horizontal-alignment-right \" style=\"background-image: url(https:\/\/villalubin.com\/wp-content\/uploads\/2021\/01\/objekt-3.jpg)\" data-item-class=\"mkdf-eh-custom-2524\" data-1366-1600=\"300px 0px\" data-1024-1366=\"300px 0px\" data-768-1024=\"300px 0px\" data-680-768=\"300px 0px\" data-680=\"250px 0px\">\n    <div class=\"mkdf-eh-item-inner\">\n        <div class=\"mkdf-eh-item-content mkdf-eh-custom-2524\" style=\"padding: 480px 0px\">\n                    <\/div>\n    <\/div>\n<\/div><div class=\"mkdf-eh-item    \" style=\"background-color: #282828\" data-item-class=\"mkdf-eh-custom-6624\" data-1366-1600=\"0px 95px 114px\" data-1024-1366=\"0px 55px 114px\" data-768-1024=\"0px 0px 116px\" data-680-768=\"34px 60px 0px\" data-680=\"34px 0px 0px\">\n    <div class=\"mkdf-eh-item-inner\">\n        <div class=\"mkdf-eh-item-content mkdf-eh-custom-6624\" style=\"padding: 0px 160px 114px\">\n            <div class=\"mkdf-info-section  mkdf-light mkdf-center\">\n\n            <var class=\"mkdf-is-background-text\" style=\"font-size:225px\" id=\"mkdf-is-background-text-78\" >\n        Omis        <\/var>\n    \n    <div class=\"mkdf-is-inner\" style=\"padding-top:112.5px;width:80%\">\n\n                    <h5 class=\"mkdf-is-subtitle\">\n            Stani\u0107i \u2022 Mit Ihnen seit 2010            <\/h5>\n        \n                    <h3 class=\"mkdf-is-title\">\n            \u00dcber uns            <\/h3>\n        \n                    <p class=\"mkdf-is-text\">\n            Unser Haus mit Familienwohnungen befindet sich in der ersten Reihe zum Meer. Das vom Strand leicht erh\u00f6hte Haus bietet Ihnen Ruhe und Komfort. Zu Ihrer Verf\u00fcgung stehen zwei luxuri\u00f6s eingerichtete und ausgestattete Apartments, die klimatisiert, mit Sat-TV und einer modernen K\u00fcche ausgestattet sind.            <\/p>\n        \n        \n    <\/div>\n<\/div>        <\/div>\n    <\/div>\n<\/div><\/div>[\/vc_column][\/vc_row][vc_row row_content_width=&#8220;grid&#8220; content_text_aligment=&#8220;center&#8220; css=&#8220;.vc_custom_1524143870806{padding-top: 142px !important;padding-bottom: 82px !important;}&#8220;][vc_column width=&#8220;1\/2&#8243; offset=&#8220;vc_col-lg-offset-0 vc_col-lg-3 vc_col-md-6&#8243;]<div class=\"mkdf-counter-holder  mkdf-dark\">\n\n            <var class=\"mkdf-counter-background-text\" >\n        app        <\/var>\n    \n    <div class=\"mkdf-counter-inner\">\n\n                    <span class=\"mkdf-counter mkdf-zero-counter\" style=\"font-size: 45px\">\n                2            <\/span>\n        \n                    <h5 class=\"mkdf-counter-title\">\n            Wohnungen            <\/h5>\n        \n        \n    <\/div>\n<\/div>[vc_empty_space height=&#8220;50px&#8220;][\/vc_column][vc_column width=&#8220;1\/2&#8243; offset=&#8220;vc_col-lg-3 vc_col-md-6&#8243;]<div class=\"mkdf-counter-holder  mkdf-dark\">\n\n            <var class=\"mkdf-counter-background-text\" >\n        Review        <\/var>\n    \n    <div class=\"mkdf-counter-inner\">\n\n                    <span class=\"mkdf-counter mkdf-zero-counter\" style=\"font-size: 45px\">\n                9,8            <\/span>\n        \n                    <h5 class=\"mkdf-counter-title\">\n            Bewertung der G\u00e4ste            <\/h5>\n        \n        \n    <\/div>\n<\/div>[vc_empty_space height=&#8220;50px&#8220;][\/vc_column][vc_column width=&#8220;1\/2&#8243; offset=&#8220;vc_col-lg-3 vc_col-md-6&#8243;]<div class=\"mkdf-counter-holder  mkdf-dark\">\n\n            <var class=\"mkdf-counter-background-text\" >\n        Beach        <\/var>\n    \n    <div class=\"mkdf-counter-inner\">\n\n                    <span class=\"mkdf-counter mkdf-zero-counter\" style=\"font-size: 45px\">\n                20 m            <\/span>\n        \n                    <h5 class=\"mkdf-counter-title\">\n            Meter vom Strand            <\/h5>\n        \n        \n    <\/div>\n<\/div>[vc_empty_space height=&#8220;50px&#8220;][\/vc_column][vc_column width=&#8220;1\/2&#8243; offset=&#8220;vc_col-lg-3 vc_col-md-6&#8243;]<div class=\"mkdf-counter-holder  mkdf-dark\">\n\n            <var class=\"mkdf-counter-background-text\" >\n        Center        <\/var>\n    \n    <div class=\"mkdf-counter-inner\">\n\n                    <span class=\"mkdf-counter mkdf-zero-counter\" style=\"font-size: 45px\">\n                200            <\/span>\n        \n                    <h5 class=\"mkdf-counter-title\">\n            Meter vom Zentrum             <\/h5>\n        \n        \n    <\/div>\n<\/div>[vc_empty_space height=&#8220;50px&#8220;][\/vc_column][\/vc_row][vc_row][vc_column]<div class=\"mkdf-elements-holder   mkdf-two-columns  mkdf-responsive-mode-768 \" ><div class=\"mkdf-eh-item    \" style=\"background-color: #282828\" data-item-class=\"mkdf-eh-custom-2538\" data-1366-1600=\"0px 95px 114px\" data-1024-1366=\"0px 55px 114px\" data-768-1024=\"0px 0px 116px\" data-680-768=\"34px 60px 0px\" data-680=\"34px 0px 0px\">\n    <div class=\"mkdf-eh-item-inner\">\n        <div class=\"mkdf-eh-item-content mkdf-eh-custom-2538\" style=\"padding: 0px 160px 114px\">\n            <div class=\"mkdf-info-section  mkdf-light mkdf-center\">\n\n            <var class=\"mkdf-is-background-text\" style=\"font-size:225px\" id=\"mkdf-is-background-text-137\" >\n        Apartmani        <\/var>\n    \n    <div class=\"mkdf-is-inner\" style=\"padding-top:112.5px;width:80%\">\n\n        \n                    <h3 class=\"mkdf-is-title\">\n            Wo treffen wir uns ?            <\/h3>\n        \n                    <p class=\"mkdf-is-text\">\n            Direkt vor dem Haus, getrennt nur durch alte Pinienb\u00e4ume, liegt ein herrlicher Kieselstrand            <\/p>\n        \n        \n    <\/div>\n<\/div><div class=\"mkdf-info-section  mkdf-light mkdf-center\">\n\n    \n    <div class=\"mkdf-is-inner\" style=\"width:80%\">\n\n        \n        \n                    <p class=\"mkdf-is-text\">\n            G\u00e4ste, die gerne etwas entdecken m\u00f6chten, finden wundersch\u00f6ne Str\u00e4nde in den Nachbarst\u00e4dten Mimice, Omis, Brela, Podstrana usw.            <\/p>\n        \n        \n    <\/div>\n<\/div>        <\/div>\n    <\/div>\n<\/div><div class=\"mkdf-eh-item    \" style=\"background-image: url(https:\/\/villalubin.com\/wp-content\/uploads\/2021\/01\/naslovnica-slika-web.jpg)\" data-item-class=\"mkdf-eh-custom-9471\" data-1366-1600=\"300px 0px\" data-1024-1366=\"300px 0px\" data-768-1024=\"300px 0px\" data-680-768=\"300px 0px\" data-680=\"250px 0px\">\n    <div class=\"mkdf-eh-item-inner\">\n        <div class=\"mkdf-eh-item-content mkdf-eh-custom-9471\" style=\"padding: 480px 0px\">\n                    <\/div>\n    <\/div>\n<\/div><\/div>[\/vc_column][\/vc_row]<\/p>\n","protected":false},"excerpt":{"rendered":"<p>[vc_row row_content_width=&#8220;grid&#8220; css=&#8220;.vc_custom_1524651178106{padding-top: 150px !important;}&#8220;][vc_column width=&#8220;1\/2&#8243; offset=&#8220;vc_col-lg-offset-0 vc_col-lg-3 vc_col-md-offset-0 vc_col-md-6 vc_col-sm-offset-0 vc_col-xs-12&#8243;][vc_empty_space height=&#8220;40px&#8220;][\/vc_column][vc_column width=&#8220;1\/2&#8243; offset=&#8220;vc_col-lg-offset-0 vc_col-lg-3 vc_col-md-offset-0 vc_col-md-6 vc_col-sm-offset-0 vc_col-xs-12&#8243;][vc_empty_space height=&#8220;40px&#8220;][\/vc_column][vc_column width=&#8220;1\/2&#8243; offset=&#8220;vc_col-lg-offset-0 vc_col-lg-3 vc_col-md-offset-0 vc_col-md-6 vc_col-sm-offset-0 vc_col-xs-12&#8243;][vc_empty_space height=&#8220;40px&#8220;][\/vc_column][vc_column width=&#8220;1\/2&#8243; offset=&#8220;vc_col-lg-offset-0 vc_col-lg-3 vc_col-md-offset-0 vc_col-md-6 vc_col-sm-offset-0 vc_col-xs-12&#8243;][vc_empty_space height=&#8220;142px&#8220;][\/vc_column][\/vc_row][vc_row][vc_column][\/vc_column][\/vc_row][vc_row row_content_width=&#8220;grid&#8220; content_text_aligment=&#8220;center&#8220; css=&#8220;.vc_custom_1524143870806{padding-top: [&hellip;]<\/p>\n","protected":false},"author":1,"featured_media":0,"parent":0,"menu_order":0,"comment_status":"closed","ping_status":"closed","template":"full-width.php","meta":{"footnotes":""},"class_list":["post-347","page","type-page","status-publish","hentry"],"_links":{"self":[{"href":"https:\/\/villalubin.com\/de\/wp-json\/wp\/v2\/pages\/347","targetHints":{"allow":["GET"]}}],"collection":[{"href":"https:\/\/villalubin.com\/de\/wp-json\/wp\/v2\/pages"}],"about":[{"href":"https:\/\/villalubin.com\/de\/wp-json\/wp\/v2\/types\/page"}],"author":[{"embeddable":true,"href":"https:\/\/villalubin.com\/de\/wp-json\/wp\/v2\/users\/1"}],"replies":[{"embeddable":true,"href":"https:\/\/villalubin.com\/de\/wp-json\/wp\/v2\/comments?post=347"}],"version-history":[{"count":0,"href":"https:\/\/villalubin.com\/de\/wp-json\/wp\/v2\/pages\/347\/revisions"}],"wp:attachment":[{"href":"https:\/\/villalubin.com\/de\/wp-json\/wp\/v2\/media?parent=347"}],"curies":[{"name":"wp","href":"https:\/\/api.w.org\/{rel}","templated":true}]}}