{"id":316,"date":"2021-01-22T15:15:27","date_gmt":"2021-01-22T14:15:27","guid":{"rendered":"https:\/\/villalubin.com\/?page_id=316"},"modified":"2021-01-30T10:10:43","modified_gmt":"2021-01-30T09:10:43","slug":"apartment-ruzmarin","status":"publish","type":"page","link":"https:\/\/villalubin.com\/de\/apartment-ruzmarin\/","title":{"rendered":"Apartment Ru\u017emarin"},"content":{"rendered":"<p>[vc_row][vc_column][vc_column_text]Im zweiten Stock befindet sich eine Wohnung Rosmarin f\u00fcr 3-5 Personen, Gr\u00f6\u00dfe 70 m2 mit einer Terrasse von 25 m2 und einem au\u00dfergew\u00f6hnlichen Blick auf das Meer und die nahe gelegenen Inseln. Die Wohnung ist klimatisiert und modern eingerichtet und mit Sat-TV ausgestattet. Die Wohnung Ru\u017emarin verf\u00fcgt \u00fcber ein Schlafzimmer mit Doppelbett und Einzelbett, ein Badezimmer und eine K\u00fcche mit Essbereich und ein Wohnzimmer mit Ecksofa (zwei Betten). Die K\u00fcche ist mit einem K\u00fchlschrank mit Gefrierfach, einer Mikrowelle und einem Geschirrsp\u00fcler ausgestattet. Vor der Wohnung befindet sich ein Garten mit Grill und Gartenm\u00f6beln.[\/vc_column_text][\/vc_column][\/vc_row][vc_row][vc_column][vc_empty_space height=&#8220;50px&#8220;][\/vc_column][\/vc_row][vc_row][vc_column]<div class=\"mkdf-image-gallery  mkdf-ig-masonry-type mkdf-small-space  mkdf-image-behavior-zoom\">\n    <div class=\"mkdf-ig-inner mkdf-outer-space mkdf-ig-masonry mkdf-ig-four-columns\">\n        <div class=\"mkdf-ig-grid-sizer\"><\/div>\n        <div class=\"mkdf-ig-grid-gutter\"><\/div>\n                                <div class=\"mkdf-ig-image mkdf-item-space \">\n                <div class=\"mkdf-ig-image-inner\">\n                                                <img loading=\"lazy\" decoding=\"async\" width=\"300\" height=\"234\" src=\"https:\/\/villalubin.com\/wp-content\/uploads\/2021\/01\/Spavaca-soba-1-300x234.jpg\" class=\"attachment-medium size-medium\" alt=\"\" srcset=\"https:\/\/villalubin.com\/wp-content\/uploads\/2021\/01\/Spavaca-soba-1-300x234.jpg 300w, https:\/\/villalubin.com\/wp-content\/uploads\/2021\/01\/Spavaca-soba-1-1024x799.jpg 1024w, https:\/\/villalubin.com\/wp-content\/uploads\/2021\/01\/Spavaca-soba-1-768x599.jpg 768w, https:\/\/villalubin.com\/wp-content\/uploads\/2021\/01\/Spavaca-soba-1-1536x1199.jpg 1536w, https:\/\/villalubin.com\/wp-content\/uploads\/2021\/01\/Spavaca-soba-1.jpg 1750w\" sizes=\"auto, (max-width: 300px) 100vw, 300px\" \/>                                            <\/div>\n            <\/div>\n                                <div class=\"mkdf-ig-image mkdf-item-space \">\n                <div class=\"mkdf-ig-image-inner\">\n                                                <img loading=\"lazy\" decoding=\"async\" width=\"300\" height=\"200\" src=\"https:\/\/villalubin.com\/wp-content\/uploads\/2021\/01\/Mali-ap-terasa1-1-300x200.jpg\" class=\"attachment-medium size-medium\" alt=\"\" srcset=\"https:\/\/villalubin.com\/wp-content\/uploads\/2021\/01\/Mali-ap-terasa1-1-300x200.jpg 300w, https:\/\/villalubin.com\/wp-content\/uploads\/2021\/01\/Mali-ap-terasa1-1-1024x683.jpg 1024w, https:\/\/villalubin.com\/wp-content\/uploads\/2021\/01\/Mali-ap-terasa1-1-768x512.jpg 768w, https:\/\/villalubin.com\/wp-content\/uploads\/2021\/01\/Mali-ap-terasa1-1-1536x1024.jpg 1536w, https:\/\/villalubin.com\/wp-content\/uploads\/2021\/01\/Mali-ap-terasa1-1.jpg 1750w\" sizes=\"auto, (max-width: 300px) 100vw, 300px\" \/>                                            <\/div>\n            <\/div>\n                                <div class=\"mkdf-ig-image mkdf-item-space \">\n                <div class=\"mkdf-ig-image-inner\">\n                                                <img loading=\"lazy\" decoding=\"async\" width=\"300\" height=\"200\" src=\"https:\/\/villalubin.com\/wp-content\/uploads\/2021\/01\/Mali-ap-kuhinja-300x200.jpg\" class=\"attachment-medium size-medium\" alt=\"\" srcset=\"https:\/\/villalubin.com\/wp-content\/uploads\/2021\/01\/Mali-ap-kuhinja-300x200.jpg 300w, https:\/\/villalubin.com\/wp-content\/uploads\/2021\/01\/Mali-ap-kuhinja-1024x683.jpg 1024w, https:\/\/villalubin.com\/wp-content\/uploads\/2021\/01\/Mali-ap-kuhinja-768x512.jpg 768w, https:\/\/villalubin.com\/wp-content\/uploads\/2021\/01\/Mali-ap-kuhinja-1536x1024.jpg 1536w, https:\/\/villalubin.com\/wp-content\/uploads\/2021\/01\/Mali-ap-kuhinja.jpg 1750w\" sizes=\"auto, (max-width: 300px) 100vw, 300px\" \/>                                            <\/div>\n            <\/div>\n                                <div class=\"mkdf-ig-image mkdf-item-space \">\n                <div class=\"mkdf-ig-image-inner\">\n                                                <img loading=\"lazy\" decoding=\"async\" width=\"300\" height=\"200\" src=\"https:\/\/villalubin.com\/wp-content\/uploads\/2021\/01\/Mali-ap-boravak-1-300x200.jpg\" class=\"attachment-medium size-medium\" alt=\"\" srcset=\"https:\/\/villalubin.com\/wp-content\/uploads\/2021\/01\/Mali-ap-boravak-1-300x200.jpg 300w, https:\/\/villalubin.com\/wp-content\/uploads\/2021\/01\/Mali-ap-boravak-1-1024x683.jpg 1024w, https:\/\/villalubin.com\/wp-content\/uploads\/2021\/01\/Mali-ap-boravak-1-768x512.jpg 768w, https:\/\/villalubin.com\/wp-content\/uploads\/2021\/01\/Mali-ap-boravak-1-1536x1024.jpg 1536w, https:\/\/villalubin.com\/wp-content\/uploads\/2021\/01\/Mali-ap-boravak-1.jpg 1750w\" sizes=\"auto, (max-width: 300px) 100vw, 300px\" \/>                                            <\/div>\n            <\/div>\n            <\/div>\n<\/div>[\/vc_column][\/vc_row][vc_row][vc_column width=&#8220;1\/6&#8243;][\/vc_column][vc_column width=&#8220;2\/3&#8243;]<div class=\"mkdf-image-gallery  mkdf-ig-masonry-type mkdf-small-space  mkdf-image-behavior-zoom\">\n    <div class=\"mkdf-ig-inner mkdf-outer-space mkdf-ig-masonry mkdf-ig-three-columns\">\n        <div class=\"mkdf-ig-grid-sizer\"><\/div>\n        <div class=\"mkdf-ig-grid-gutter\"><\/div>\n                                <div class=\"mkdf-ig-image mkdf-item-space \">\n                <div class=\"mkdf-ig-image-inner\">\n                                                <img loading=\"lazy\" decoding=\"async\" width=\"1024\" height=\"683\" src=\"https:\/\/villalubin.com\/wp-content\/uploads\/2021\/01\/Mali-ap-boravak-2-1024x683.jpg\" class=\"attachment-large size-large\" alt=\"\" srcset=\"https:\/\/villalubin.com\/wp-content\/uploads\/2021\/01\/Mali-ap-boravak-2-1024x683.jpg 1024w, https:\/\/villalubin.com\/wp-content\/uploads\/2021\/01\/Mali-ap-boravak-2-300x200.jpg 300w, https:\/\/villalubin.com\/wp-content\/uploads\/2021\/01\/Mali-ap-boravak-2-768x512.jpg 768w, https:\/\/villalubin.com\/wp-content\/uploads\/2021\/01\/Mali-ap-boravak-2-1536x1024.jpg 1536w, https:\/\/villalubin.com\/wp-content\/uploads\/2021\/01\/Mali-ap-boravak-2.jpg 1750w\" sizes=\"auto, (max-width: 1024px) 100vw, 1024px\" \/>                                            <\/div>\n            <\/div>\n                                <div class=\"mkdf-ig-image mkdf-item-space \">\n                <div class=\"mkdf-ig-image-inner\">\n                                                <img loading=\"lazy\" decoding=\"async\" width=\"1024\" height=\"683\" src=\"https:\/\/villalubin.com\/wp-content\/uploads\/2021\/01\/Mali-ap-boravak-3-1-1024x683.jpg\" class=\"attachment-large size-large\" alt=\"\" srcset=\"https:\/\/villalubin.com\/wp-content\/uploads\/2021\/01\/Mali-ap-boravak-3-1-1024x683.jpg 1024w, https:\/\/villalubin.com\/wp-content\/uploads\/2021\/01\/Mali-ap-boravak-3-1-300x200.jpg 300w, https:\/\/villalubin.com\/wp-content\/uploads\/2021\/01\/Mali-ap-boravak-3-1-768x512.jpg 768w, https:\/\/villalubin.com\/wp-content\/uploads\/2021\/01\/Mali-ap-boravak-3-1-1536x1024.jpg 1536w, https:\/\/villalubin.com\/wp-content\/uploads\/2021\/01\/Mali-ap-boravak-3-1.jpg 1750w\" sizes=\"auto, (max-width: 1024px) 100vw, 1024px\" \/>                                            <\/div>\n            <\/div>\n                                <div class=\"mkdf-ig-image mkdf-item-space \">\n                <div class=\"mkdf-ig-image-inner\">\n                                                <img loading=\"lazy\" decoding=\"async\" width=\"1024\" height=\"683\" src=\"https:\/\/villalubin.com\/wp-content\/uploads\/2021\/01\/Mali-ap-boravak-4-1-1024x683.jpg\" class=\"attachment-large size-large\" alt=\"\" srcset=\"https:\/\/villalubin.com\/wp-content\/uploads\/2021\/01\/Mali-ap-boravak-4-1-1024x683.jpg 1024w, https:\/\/villalubin.com\/wp-content\/uploads\/2021\/01\/Mali-ap-boravak-4-1-300x200.jpg 300w, https:\/\/villalubin.com\/wp-content\/uploads\/2021\/01\/Mali-ap-boravak-4-1-768x512.jpg 768w, https:\/\/villalubin.com\/wp-content\/uploads\/2021\/01\/Mali-ap-boravak-4-1-1536x1024.jpg 1536w, https:\/\/villalubin.com\/wp-content\/uploads\/2021\/01\/Mali-ap-boravak-4-1.jpg 1750w\" sizes=\"auto, (max-width: 1024px) 100vw, 1024px\" \/>                                            <\/div>\n            <\/div>\n                                <div class=\"mkdf-ig-image mkdf-item-space \">\n                <div class=\"mkdf-ig-image-inner\">\n                                                <img loading=\"lazy\" decoding=\"async\" width=\"1024\" height=\"683\" src=\"https:\/\/villalubin.com\/wp-content\/uploads\/2021\/01\/Mali-ap-kuhinja-1-1024x683.jpg\" class=\"attachment-large size-large\" alt=\"\" srcset=\"https:\/\/villalubin.com\/wp-content\/uploads\/2021\/01\/Mali-ap-kuhinja-1-1024x683.jpg 1024w, https:\/\/villalubin.com\/wp-content\/uploads\/2021\/01\/Mali-ap-kuhinja-1-300x200.jpg 300w, https:\/\/villalubin.com\/wp-content\/uploads\/2021\/01\/Mali-ap-kuhinja-1-768x512.jpg 768w, https:\/\/villalubin.com\/wp-content\/uploads\/2021\/01\/Mali-ap-kuhinja-1-1536x1024.jpg 1536w, https:\/\/villalubin.com\/wp-content\/uploads\/2021\/01\/Mali-ap-kuhinja-1.jpg 1750w\" sizes=\"auto, (max-width: 1024px) 100vw, 1024px\" \/>                                            <\/div>\n            <\/div>\n                                <div class=\"mkdf-ig-image mkdf-item-space \">\n                <div class=\"mkdf-ig-image-inner\">\n                                                <img loading=\"lazy\" decoding=\"async\" width=\"1024\" height=\"683\" src=\"https:\/\/villalubin.com\/wp-content\/uploads\/2021\/01\/Mali-ap-terasa2-1024x683.jpg\" class=\"attachment-large size-large\" alt=\"\" srcset=\"https:\/\/villalubin.com\/wp-content\/uploads\/2021\/01\/Mali-ap-terasa2-1024x683.jpg 1024w, https:\/\/villalubin.com\/wp-content\/uploads\/2021\/01\/Mali-ap-terasa2-300x200.jpg 300w, https:\/\/villalubin.com\/wp-content\/uploads\/2021\/01\/Mali-ap-terasa2-768x512.jpg 768w, https:\/\/villalubin.com\/wp-content\/uploads\/2021\/01\/Mali-ap-terasa2-1536x1024.jpg 1536w, https:\/\/villalubin.com\/wp-content\/uploads\/2021\/01\/Mali-ap-terasa2.jpg 1750w\" sizes=\"auto, (max-width: 1024px) 100vw, 1024px\" \/>                                            <\/div>\n            <\/div>\n                                <div class=\"mkdf-ig-image mkdf-item-space \">\n                <div class=\"mkdf-ig-image-inner\">\n                                                <img loading=\"lazy\" decoding=\"async\" width=\"1024\" height=\"683\" src=\"https:\/\/villalubin.com\/wp-content\/uploads\/2021\/01\/Mali-ap-terasa-nocu-1024x683.jpg\" class=\"attachment-large size-large\" alt=\"\" srcset=\"https:\/\/villalubin.com\/wp-content\/uploads\/2021\/01\/Mali-ap-terasa-nocu-1024x683.jpg 1024w, https:\/\/villalubin.com\/wp-content\/uploads\/2021\/01\/Mali-ap-terasa-nocu-300x200.jpg 300w, https:\/\/villalubin.com\/wp-content\/uploads\/2021\/01\/Mali-ap-terasa-nocu-768x512.jpg 768w, https:\/\/villalubin.com\/wp-content\/uploads\/2021\/01\/Mali-ap-terasa-nocu-1536x1024.jpg 1536w, https:\/\/villalubin.com\/wp-content\/uploads\/2021\/01\/Mali-ap-terasa-nocu.jpg 1750w\" sizes=\"auto, (max-width: 1024px) 100vw, 1024px\" \/>                                            <\/div>\n            <\/div>\n            <\/div>\n<\/div>[\/vc_column][vc_column width=&#8220;1\/6&#8243;][\/vc_column][\/vc_row][vc_row][vc_column][vc_column_text]<\/p>\n<p>[\/vc_column_text][\/vc_column][\/vc_row][vc_row content_placement=&#8220;top&#8220; row_content_width=&#8220;grid&#8220; css=&#8220;.vc_custom_1522846173636{padding-top: 138px !important;}&#8220; simple_background_color=&#8220;#f7f8f9&#8243;][vc_column offset=&#8220;vc_col-lg-offset-0 vc_col-lg-5 vc_col-md-offset-0 vc_col-md-12 vc_col-sm-offset-0 vc_col-xs-12&#8243;]<div class=\"mkdf-section-title-holder  mkdf-dark mkdf-st-standard mkdf-st-title-left mkdf-st-normal-space \" style=\"text-align: right\">\n    <div class=\"mkdf-st-inner\">\n\n        \n                    <h2 class=\"mkdf-st-title\">\n            Preisliste<br \/>            <\/h2>\n        \n        \n    <\/div>\n<\/div>[vc_empty_space height=&#8220;16px&#8220;][\/vc_column][vc_column offset=&#8220;vc_col-lg-offset-0 vc_col-lg-7 vc_col-md-offset-0 vc_col-md-12 vc_col-sm-offset-0 vc_col-xs-12&#8243; css=&#8220;.vc_custom_1522846078380{margin-top: -11px !important;padding-left: 20px !important;}&#8220;]<div class=\"mkdf-bsl-holder  \"><ul class=\"mkdf-bsl\"><li class=\"mkdf-bsl-item clearfix\">\n        <div class=\"mkdf-bsl-item-content\">\n        <div class=\"mkdf-bsl-item-top-holder\">\n            <div class=\"mkdf-bsl-item-title-holder\">\n                <h4 class=\"mkdf-bsl-item-title\">\n                    01.05. &#8211; 30.06.                <\/h4>\n            <\/div>\n            <div class=\"mkdf-bsl-item-line\"><\/div>\n\n                            <div class=\"mkdf-bsl-item-price-holder\">\n                    <span class=\"mkdf-bsl-price\">120 \u20ac<\/span>\n                <\/div>\n                    <\/div>\n        <div class=\"mkdf-bsl-item-bottom-holder clearfix\">\n            \n                    <\/div>\n    <\/div>\n<\/li><li class=\"mkdf-bsl-item clearfix\">\n        <div class=\"mkdf-bsl-item-content\">\n        <div class=\"mkdf-bsl-item-top-holder\">\n            <div class=\"mkdf-bsl-item-title-holder\">\n                <h4 class=\"mkdf-bsl-item-title\">\n                    01.07. &#8211; 31.08.                <\/h4>\n            <\/div>\n            <div class=\"mkdf-bsl-item-line\"><\/div>\n\n                            <div class=\"mkdf-bsl-item-price-holder\">\n                    <span class=\"mkdf-bsl-price\">150 \u20ac<\/span>\n                <\/div>\n                    <\/div>\n        <div class=\"mkdf-bsl-item-bottom-holder clearfix\">\n            \n                    <\/div>\n    <\/div>\n<\/li><li class=\"mkdf-bsl-item clearfix\">\n        <div class=\"mkdf-bsl-item-content\">\n        <div class=\"mkdf-bsl-item-top-holder\">\n            <div class=\"mkdf-bsl-item-title-holder\">\n                <h4 class=\"mkdf-bsl-item-title\">\n                    01.09. &#8211; 30.09.                <\/h4>\n            <\/div>\n            <div class=\"mkdf-bsl-item-line\"><\/div>\n\n                            <div class=\"mkdf-bsl-item-price-holder\">\n                    <span class=\"mkdf-bsl-price\">120 \u20ac<\/span>\n                <\/div>\n                    <\/div>\n        <div class=\"mkdf-bsl-item-bottom-holder clearfix\">\n            \n                    <\/div>\n    <\/div>\n<\/li><\/ul><\/div>[vc_empty_space height=&#8220;30px&#8220;][vc_empty_space height=&#8220;30px&#8220;][\/vc_column][\/vc_row][vc_row][vc_column][vc_empty_space height=&#8220;50px&#8220;][\/vc_column][\/vc_row][vc_row][vc_column width=&#8220;1\/6&#8243;][\/vc_column][vc_column width=&#8220;2\/3&#8243;]<div class=\"mkdf-section-title-holder  mkdf-dark mkdf-st-standard mkdf-st-title-left mkdf-st-normal-space \" style=\"text-align: left\">\n    <div class=\"mkdf-st-inner\">\n\n        \n                    <h2 class=\"mkdf-st-title\">\n            Reservierungsanfrage            <\/h2>\n        \n        \n    <\/div>\n<\/div>[vc_raw_html]JTVCY2FsZGVyYV9mb3JtJTIwaWQlM0QlMjJDRjYwMTUyMjBhZGEwZjklMjIlNUQ=[\/vc_raw_html][\/vc_column][vc_column width=&#8220;1\/6&#8243;][\/vc_column][\/vc_row]<\/p>\n","protected":false},"excerpt":{"rendered":"<p>[vc_row][vc_column][vc_column_text]Im zweiten Stock befindet sich eine Wohnung Rosmarin f\u00fcr 3-5 Personen, Gr\u00f6\u00dfe 70 m2 mit einer Terrasse von 25 m2 und einem au\u00dfergew\u00f6hnlichen Blick auf das Meer und die nahe gelegenen Inseln. Die Wohnung ist klimatisiert und modern eingerichtet und [&hellip;]<\/p>\n","protected":false},"author":1,"featured_media":0,"parent":0,"menu_order":0,"comment_status":"closed","ping_status":"closed","template":"","meta":{"footnotes":""},"class_list":["post-316","page","type-page","status-publish","hentry"],"_links":{"self":[{"href":"https:\/\/villalubin.com\/de\/wp-json\/wp\/v2\/pages\/316","targetHints":{"allow":["GET"]}}],"collection":[{"href":"https:\/\/villalubin.com\/de\/wp-json\/wp\/v2\/pages"}],"about":[{"href":"https:\/\/villalubin.com\/de\/wp-json\/wp\/v2\/types\/page"}],"author":[{"embeddable":true,"href":"https:\/\/villalubin.com\/de\/wp-json\/wp\/v2\/users\/1"}],"replies":[{"embeddable":true,"href":"https:\/\/villalubin.com\/de\/wp-json\/wp\/v2\/comments?post=316"}],"version-history":[{"count":0,"href":"https:\/\/villalubin.com\/de\/wp-json\/wp\/v2\/pages\/316\/revisions"}],"wp:attachment":[{"href":"https:\/\/villalubin.com\/de\/wp-json\/wp\/v2\/media?parent=316"}],"curies":[{"name":"wp","href":"https:\/\/api.w.org\/{rel}","templated":true}]}}