{"id":277,"date":"2021-01-22T14:40:40","date_gmt":"2021-01-22T13:40:40","guid":{"rendered":"https:\/\/villalubin.com\/?page_id=277"},"modified":"2021-02-12T11:06:47","modified_gmt":"2021-02-12T10:06:47","slug":"omis-riviera","status":"publish","type":"page","link":"https:\/\/villalubin.com\/de\/omis-riviera\/","title":{"rendered":"Omi\u0161 riviera"},"content":{"rendered":"<p>[vc_row][vc_column]<div class=\"mkdf-elements-holder   mkdf-two-columns  mkdf-responsive-mode-768 \" ><div class=\"mkdf-eh-item    \" style=\"background-color: #282828\" data-item-class=\"mkdf-eh-custom-5407\" data-1366-1600=\"0px 95px 114px\" data-1024-1366=\"0px 55px 114px\" data-768-1024=\"0px 0px 116px\" data-680-768=\"34px 60px 0px\" data-680=\"34px 0px 0px\">\n    <div class=\"mkdf-eh-item-inner\">\n        <div class=\"mkdf-eh-item-content mkdf-eh-custom-5407\" style=\"padding: 0px 160px 114px\">\n            <div class=\"mkdf-info-section  mkdf-light mkdf-center\">\n\n            <var class=\"mkdf-is-background-text\" style=\"font-size:225px\" id=\"mkdf-is-background-text-119\" >\n        Omis        <\/var>\n    \n    <div class=\"mkdf-is-inner\" style=\"padding-top:112.5px;width:80%\">\n\n        \n                    <h3 class=\"mkdf-is-title\">\n            OMI\u0160            <\/h3>\n        \n                    <p class=\"mkdf-is-text\">\n            Omis ist eine kleine zentral-dalmatinische Stadt zwischen Split und Makarska am Zusammenfluss von Cetina und Adria. Im Herzen Dalmatiens gelegen, sind die Stadt Omis und die touristischen Ziele der Omis Riviera der perfekte Ausgangspunkt, um den Rest Dalmatiens, seine Inseln, seine Geschichte, sein kulturelles Erbe und seine nat\u00fcrliche Sch\u00f6nheit zu erkunden. Zahlreiche Str\u00e4nde und Buchten, mediterrane Vegetation, ein reiches kulturelles und gastronomisches Angebot, frische Luft und kristallklares Meer machen die Omis Riviera zu einem perfekten Zufluchtsort f\u00fcr diejenigen, die eine Pause vom modernen Lebensrhythmus suchen. Der wundersch\u00f6ne Fluss Cetina und seine Schlucht, Karstsch\u00f6nheiten, die Berge Dinara, Mosor und Biokovo, alte Olivenhaine und Weinberge sowie die nahe gelegenen mitteldalmatinischen Inseln schaffen zusammen ein Ambiente von unglaublicher Sch\u00f6nheit.            <\/p>\n        \n        \n    <\/div>\n<\/div>        <\/div>\n    <\/div>\n<\/div><div class=\"mkdf-eh-item    \" style=\"background-image: url(https:\/\/villalubin.com\/wp-content\/uploads\/2021\/01\/omis.jpg)\" data-item-class=\"mkdf-eh-custom-9069\" data-1366-1600=\"300px 0px\" data-1024-1366=\"300px 0px\" data-768-1024=\"300px 0px\" data-680-768=\"300px 0px\" data-680=\"250px 0px\">\n    <div class=\"mkdf-eh-item-inner\">\n        <div class=\"mkdf-eh-item-content mkdf-eh-custom-9069\" style=\"padding: 480px 0px\">\n                    <\/div>\n    <\/div>\n<\/div><\/div>[\/vc_column][\/vc_row][vc_row][vc_column]<div class=\"mkdf-elements-holder   mkdf-two-columns  mkdf-responsive-mode-768 \" ><div class=\"mkdf-eh-item    \" style=\"background-image: url(https:\/\/villalubin.com\/wp-content\/uploads\/2021\/01\/ST-DU-web.jpg)\" data-item-class=\"mkdf-eh-custom-8724\" data-1366-1600=\"300px 0px\" data-1024-1366=\"300px 0px\" data-768-1024=\"300px 0px\" data-680-768=\"300px 0px\" data-680=\"250px 0px\">\n    <div class=\"mkdf-eh-item-inner\">\n        <div class=\"mkdf-eh-item-content mkdf-eh-custom-8724\" style=\"padding: 480px 0px\">\n                    <\/div>\n    <\/div>\n<\/div><div class=\"mkdf-eh-item    \" style=\"background-color: #282828\" data-item-class=\"mkdf-eh-custom-6824\" data-1366-1600=\"0px 95px 114px\" data-1024-1366=\"0px 55px 114px\" data-768-1024=\"0px 0px 116px\" data-680-768=\"34px 60px 0px\" data-680=\"34px 0px 0px\">\n    <div class=\"mkdf-eh-item-inner\">\n        <div class=\"mkdf-eh-item-content mkdf-eh-custom-6824\" style=\"padding: 0px 160px 114px\">\n            <div class=\"mkdf-info-section  mkdf-light mkdf-center\">\n\n    \n    <div class=\"mkdf-is-inner\" style=\"width:80%\">\n\n        \n                    <h3 class=\"mkdf-is-title\">\n            Was zu besuchen            <\/h3>\n        \n                    <p class=\"mkdf-is-text\">\n            In unmittelbarer N\u00e4he von Omis befinden sich auf der einen Seite die zweitgr\u00f6\u00dfte kroatische Stadt Split und auf der anderen Seite die Makarska Riviera und der Berg Biokovo. v Die antiken r\u00f6mischen St\u00e4dte Split und Salona sind nur eine halbe Autostunde von Omis entfernt. Die Inseln Brac, Hvar, Korcula und Vis von Omis sind leicht zu erreichen. Mit einem Tagesausflug k\u00f6nnen Sie Dubrovnik besuchen, das etwa 200 km entfernt ist (zwei Autostunden).            <\/p>\n        \n        \n    <\/div>\n<\/div>        <\/div>\n    <\/div>\n<\/div><\/div>[\/vc_column][\/vc_row][vc_row][vc_column]<div class=\"mkdf-elements-holder   mkdf-two-columns  mkdf-responsive-mode-768 \" ><div class=\"mkdf-eh-item    \" style=\"background-image: url(https:\/\/villalubin.com\/wp-content\/uploads\/2021\/01\/trekking-cover.jpg)\" data-item-class=\"mkdf-eh-custom-2422\" data-1366-1600=\"300px 0px\" data-1024-1366=\"300px 0px\" data-768-1024=\"300px 0px\" data-680-768=\"300px 0px\" data-680=\"250px 0px\">\n    <div class=\"mkdf-eh-item-inner\">\n        <div class=\"mkdf-eh-item-content mkdf-eh-custom-2422\" style=\"padding: 480px 0px\">\n                    <\/div>\n    <\/div>\n<\/div><\/div>[\/vc_column][\/vc_row][vc_row][vc_column]<div class=\"mkdf-elements-holder   mkdf-two-columns  mkdf-responsive-mode-768 \" ><div class=\"mkdf-eh-item    \" style=\"background-color: #282828\" data-item-class=\"mkdf-eh-custom-4704\" data-1366-1600=\"0px 95px 114px\" data-1024-1366=\"0px 55px 114px\" data-768-1024=\"0px 0px 116px\" data-680-768=\"34px 60px 0px\" data-680=\"34px 0px 0px\">\n    <div class=\"mkdf-eh-item-inner\">\n        <div class=\"mkdf-eh-item-content mkdf-eh-custom-4704\" style=\"padding: 0px 160px 114px\">\n            [vc_empty_space height=&#8220;50px&#8220;]<div class=\"mkdf-info-section  mkdf-light mkdf-center\">\n\n    \n    <div class=\"mkdf-is-inner\" style=\"width:80%\">\n\n        \n                    <h3 class=\"mkdf-is-title\">\n            Aktiver urlaub            <\/h3>\n        \n                    <p class=\"mkdf-is-text\">\n            Heute ist Omis das Zentrum der touristischen Riviera von au\u00dfergew\u00f6hnlicher Sch\u00f6nheit im Herzen der Adria und das Zentrum des kroatischen aktiven Tourismus. Die einzigartige Kombination aus dem Canyon des Flusses Cetina, den Bergen (Dinara, Mosor und Biokovo) und der Adria bietet Ihnen unersch\u00f6pfliche M\u00f6glichkeiten f\u00fcr einen aktiven Urlaub: Fluss Cetina \/ Canyon: Rafting und Kanufahren auf dem Fluss Cetina; Canyoning - eine der neuesten Abenteueraktivit\u00e4ten, mit denen Sie die Ph\u00e4nomene und Geheimnisse der unverschmutzten Natur erkunden k\u00f6nnen, bei denen Sie im Canyon laufen, springen, schwimmen und klettern m\u00fcssen, was die Herausforderung erh\u00f6ht und das Adrenalin erh\u00f6ht. Zip-Line als neueste Herausforderung f\u00fcr die Mutigsten. Berge Dinara, Mosor und Biokovo: Radtouren, Wandern, Freeclimbing, Wandern im Meer Meer: alle Seesportarten einschlie\u00dflich Tauchen, Sportfischen, Windsurfen, Paragliding usw.            <\/p>\n        \n        \n    <\/div>\n<\/div>        <\/div>\n    <\/div>\n<\/div><div class=\"mkdf-eh-item    \" style=\"background-image: url(https:\/\/villalubin.com\/wp-content\/uploads\/2021\/01\/activities.jpg)\" data-item-class=\"mkdf-eh-custom-9584\" data-1366-1600=\"300px 0px\" data-1024-1366=\"300px 0px\" data-768-1024=\"300px 0px\" data-680-768=\"300px 0px\" data-680=\"250px 0px\">\n    <div class=\"mkdf-eh-item-inner\">\n        <div class=\"mkdf-eh-item-content mkdf-eh-custom-9584\" style=\"padding: 480px 0px\">\n                    <\/div>\n    <\/div>\n<\/div><\/div>[\/vc_column][\/vc_row][vc_row][vc_column]<div class=\"mkdf-elements-holder   mkdf-two-columns  mkdf-responsive-mode-768 \" ><div class=\"mkdf-eh-item    \" style=\"background-image: url(https:\/\/villalubin.com\/wp-content\/uploads\/2021\/01\/canyoning.jpg)\" data-item-class=\"mkdf-eh-custom-7643\" data-1366-1600=\"300px 0px\" data-1024-1366=\"300px 0px\" data-768-1024=\"300px 0px\" data-680-768=\"300px 0px\" data-680=\"250px 0px\">\n    <div class=\"mkdf-eh-item-inner\">\n        <div class=\"mkdf-eh-item-content mkdf-eh-custom-7643\" style=\"padding: 480px 0px\">\n                    <\/div>\n    <\/div>\n<\/div><div class=\"mkdf-eh-item    \" style=\"background-color: #282828;background-image: url(https:\/\/villalubin.com\/wp-content\/uploads\/2021\/01\/zip-line.jpg)\" data-item-class=\"mkdf-eh-custom-8362\" data-1366-1600=\"0px 95px 114px\" data-1024-1366=\"0px 55px 114px\" data-768-1024=\"0px 0px 116px\" data-680-768=\"34px 60px 0px\" data-680=\"34px 0px 0px\">\n    <div class=\"mkdf-eh-item-inner\">\n        <div class=\"mkdf-eh-item-content mkdf-eh-custom-8362\" style=\"padding: 0px 160px 114px\">\n                    <\/div>\n    <\/div>\n<\/div><div class=\"mkdf-eh-item    \" style=\"background-image: url(https:\/\/villalubin.com\/wp-content\/uploads\/2021\/01\/Climbing.jpg)\" data-item-class=\"mkdf-eh-custom-4790\" data-1366-1600=\"300px 0px\" data-1024-1366=\"300px 0px\" data-768-1024=\"300px 0px\" data-680-768=\"300px 0px\" data-680=\"250px 0px\">\n    <div class=\"mkdf-eh-item-inner\">\n        <div class=\"mkdf-eh-item-content mkdf-eh-custom-4790\" style=\"padding: 480px 0px\">\n                    <\/div>\n    <\/div>\n<\/div><\/div>[\/vc_column][\/vc_row][vc_row][vc_column]<div class=\"mkdf-elements-holder   mkdf-two-columns  mkdf-responsive-mode-768 \" ><div class=\"mkdf-eh-item    \" style=\"background-color: #282828;background-image: url(https:\/\/villalubin.com\/wp-content\/uploads\/2021\/01\/Bike-tours.jpg)\" data-item-class=\"mkdf-eh-custom-9805\" data-1366-1600=\"0px 95px 114px\" data-1024-1366=\"0px 55px 114px\" data-768-1024=\"0px 0px 116px\" data-680-768=\"34px 60px 0px\" data-680=\"34px 0px 0px\">\n    <div class=\"mkdf-eh-item-inner\">\n        <div class=\"mkdf-eh-item-content mkdf-eh-custom-9805\" style=\"padding: 0px 160px 114px\">\n                    <\/div>\n    <\/div>\n<\/div><div class=\"mkdf-eh-item    \" style=\"background-image: url(https:\/\/villalubin.com\/wp-content\/uploads\/2021\/01\/rafting-scaled.jpg)\" data-item-class=\"mkdf-eh-custom-3759\" data-1366-1600=\"300px 0px\" data-1024-1366=\"300px 0px\" data-768-1024=\"300px 0px\" data-680-768=\"300px 0px\" data-680=\"250px 0px\">\n    <div class=\"mkdf-eh-item-inner\">\n        <div class=\"mkdf-eh-item-content mkdf-eh-custom-3759\" style=\"padding: 480px 0px\">\n                    <\/div>\n    <\/div>\n<\/div><\/div>[\/vc_column][\/vc_row]<\/p>\n","protected":false},"excerpt":{"rendered":"<p>[vc_row][vc_column][\/vc_column][\/vc_row][vc_row][vc_column][\/vc_column][\/vc_row][vc_row][vc_column][\/vc_column][\/vc_row][vc_row][vc_column][\/vc_column][\/vc_row][vc_row][vc_column][\/vc_column][\/vc_row][vc_row][vc_column][\/vc_column][\/vc_row]<\/p>\n","protected":false},"author":1,"featured_media":0,"parent":0,"menu_order":0,"comment_status":"closed","ping_status":"closed","template":"full-width.php","meta":{"footnotes":""},"class_list":["post-277","page","type-page","status-publish","hentry"],"_links":{"self":[{"href":"https:\/\/villalubin.com\/de\/wp-json\/wp\/v2\/pages\/277","targetHints":{"allow":["GET"]}}],"collection":[{"href":"https:\/\/villalubin.com\/de\/wp-json\/wp\/v2\/pages"}],"about":[{"href":"https:\/\/villalubin.com\/de\/wp-json\/wp\/v2\/types\/page"}],"author":[{"embeddable":true,"href":"https:\/\/villalubin.com\/de\/wp-json\/wp\/v2\/users\/1"}],"replies":[{"embeddable":true,"href":"https:\/\/villalubin.com\/de\/wp-json\/wp\/v2\/comments?post=277"}],"version-history":[{"count":0,"href":"https:\/\/villalubin.com\/de\/wp-json\/wp\/v2\/pages\/277\/revisions"}],"wp:attachment":[{"href":"https:\/\/villalubin.com\/de\/wp-json\/wp\/v2\/media?parent=277"}],"curies":[{"name":"wp","href":"https:\/\/api.w.org\/{rel}","templated":true}]}}